{"id":1297,"date":"2023-07-18T21:18:07","date_gmt":"2023-07-18T20:18:07","guid":{"rendered":"https:\/\/cafe-alte-schule-friesenhofen.de\/?page_id=1297"},"modified":"2024-01-23T21:41:23","modified_gmt":"2024-01-23T20:41:23","slug":"ueber-uns","status":"publish","type":"page","link":"https:\/\/cafe-alte-schule-friesenhofen.de\/?page_id=1297","title":{"rendered":"Caf\u00e9 Alte Schule"},"content":{"rendered":"<p><b><i>Willkommen im Dorftreff \u201eCaf\u00e9 Alte Schule\u201c im Rathaus Friesenhofen<br \/>\n<\/i><\/b><\/p>\n<p><i>Die \u201eDorfgemeinschaft Friesenhofen e.V.\u201c freut sich, Euch im Caf\u00e9\/Dorftreff im Rathaus begr\u00fc\u00dfen zu d\u00fcrfen.<\/i><\/p>\n<p><i>Es erwarten Euch freitags in unserem neugestalteten gem\u00fctlichen Ambiente im Innen\u2013 und Au\u00dfenbereich regionale Getr\u00e4nke und kleine Speisen.<br \/>\n<\/i><\/p>\n<p><i>Die<a href=\"https:\/\/cafe-alte-schule-friesenhofen.de\/?page_id=301\"> \u201eDorfgemeinschaft Friesenhofen e.V.\u201c<\/a> freut sich auf Euren Besuch.<\/i><\/p>\n<p>&nbsp;<\/p>\n<p><img loading=\"lazy\" decoding=\"async\" class=\"size-full wp-image-1091 alignnone\" src=\"https:\/\/cafe-alte-schule-friesenhofen.de\/wp-content\/uploads\/2022\/05\/P1060027-K-scaled.jpg\" alt=\"\" width=\"2560\" height=\"1477\" srcset=\"https:\/\/cafe-alte-schule-friesenhofen.de\/wp-content\/uploads\/2022\/05\/P1060027-K-scaled.jpg 2560w, https:\/\/cafe-alte-schule-friesenhofen.de\/wp-content\/uploads\/2022\/05\/P1060027-K-300x173.jpg 300w, https:\/\/cafe-alte-schule-friesenhofen.de\/wp-content\/uploads\/2022\/05\/P1060027-K-1024x591.jpg 1024w, https:\/\/cafe-alte-schule-friesenhofen.de\/wp-content\/uploads\/2022\/05\/P1060027-K-768x443.jpg 768w, https:\/\/cafe-alte-schule-friesenhofen.de\/wp-content\/uploads\/2022\/05\/P1060027-K-1536x886.jpg 1536w, https:\/\/cafe-alte-schule-friesenhofen.de\/wp-content\/uploads\/2022\/05\/P1060027-K-2048x1181.jpg 2048w, https:\/\/cafe-alte-schule-friesenhofen.de\/wp-content\/uploads\/2022\/05\/P1060027-K-1140x658.jpg 1140w\" sizes=\"auto, (max-width: 2560px) 100vw, 2560px\" \/> <img loading=\"lazy\" decoding=\"async\" class=\"size-full wp-image-1090 alignnone\" src=\"https:\/\/cafe-alte-schule-friesenhofen.de\/wp-content\/uploads\/2022\/05\/P1060026-K-scaled.jpg\" alt=\"\" width=\"2560\" height=\"1403\" srcset=\"https:\/\/cafe-alte-schule-friesenhofen.de\/wp-content\/uploads\/2022\/05\/P1060026-K-scaled.jpg 2560w, https:\/\/cafe-alte-schule-friesenhofen.de\/wp-content\/uploads\/2022\/05\/P1060026-K-300x164.jpg 300w, https:\/\/cafe-alte-schule-friesenhofen.de\/wp-content\/uploads\/2022\/05\/P1060026-K-1024x561.jpg 1024w, https:\/\/cafe-alte-schule-friesenhofen.de\/wp-content\/uploads\/2022\/05\/P1060026-K-768x421.jpg 768w, https:\/\/cafe-alte-schule-friesenhofen.de\/wp-content\/uploads\/2022\/05\/P1060026-K-1536x842.jpg 1536w, https:\/\/cafe-alte-schule-friesenhofen.de\/wp-content\/uploads\/2022\/05\/P1060026-K-2048x1122.jpg 2048w, https:\/\/cafe-alte-schule-friesenhofen.de\/wp-content\/uploads\/2022\/05\/P1060026-K-1140x625.jpg 1140w\" sizes=\"auto, (max-width: 2560px) 100vw, 2560px\" \/> <img loading=\"lazy\" decoding=\"async\" class=\"size-full wp-image-1089 alignnone\" src=\"https:\/\/cafe-alte-schule-friesenhofen.de\/wp-content\/uploads\/2022\/05\/P1060025-K-scaled.jpg\" alt=\"\" width=\"2560\" height=\"1402\" srcset=\"https:\/\/cafe-alte-schule-friesenhofen.de\/wp-content\/uploads\/2022\/05\/P1060025-K-scaled.jpg 2560w, https:\/\/cafe-alte-schule-friesenhofen.de\/wp-content\/uploads\/2022\/05\/P1060025-K-300x164.jpg 300w, https:\/\/cafe-alte-schule-friesenhofen.de\/wp-content\/uploads\/2022\/05\/P1060025-K-1024x561.jpg 1024w, https:\/\/cafe-alte-schule-friesenhofen.de\/wp-content\/uploads\/2022\/05\/P1060025-K-768x421.jpg 768w, https:\/\/cafe-alte-schule-friesenhofen.de\/wp-content\/uploads\/2022\/05\/P1060025-K-1536x841.jpg 1536w, https:\/\/cafe-alte-schule-friesenhofen.de\/wp-content\/uploads\/2022\/05\/P1060025-K-2048x1122.jpg 2048w, https:\/\/cafe-alte-schule-friesenhofen.de\/wp-content\/uploads\/2022\/05\/P1060025-K-1140x624.jpg 1140w\" sizes=\"auto, (max-width: 2560px) 100vw, 2560px\" \/><\/p>\n<p><img loading=\"lazy\" decoding=\"async\" class=\"aligncenter size-full wp-image-1092\" src=\"https:\/\/cafe-alte-schule-friesenhofen.de\/wp-content\/uploads\/2022\/05\/P1060045-K-scaled.jpg\" alt=\"\" width=\"2560\" height=\"1533\" srcset=\"https:\/\/cafe-alte-schule-friesenhofen.de\/wp-content\/uploads\/2022\/05\/P1060045-K-scaled.jpg 2560w, https:\/\/cafe-alte-schule-friesenhofen.de\/wp-content\/uploads\/2022\/05\/P1060045-K-300x180.jpg 300w, https:\/\/cafe-alte-schule-friesenhofen.de\/wp-content\/uploads\/2022\/05\/P1060045-K-1024x613.jpg 1024w, https:\/\/cafe-alte-schule-friesenhofen.de\/wp-content\/uploads\/2022\/05\/P1060045-K-768x460.jpg 768w, https:\/\/cafe-alte-schule-friesenhofen.de\/wp-content\/uploads\/2022\/05\/P1060045-K-1536x920.jpg 1536w, https:\/\/cafe-alte-schule-friesenhofen.de\/wp-content\/uploads\/2022\/05\/P1060045-K-2048x1226.jpg 2048w, https:\/\/cafe-alte-schule-friesenhofen.de\/wp-content\/uploads\/2022\/05\/P1060045-K-1140x682.jpg 1140w\" sizes=\"auto, (max-width: 2560px) 100vw, 2560px\" \/><\/p>\n<p><img loading=\"lazy\" decoding=\"async\" class=\"aligncenter wp-image-618 size-full\" src=\"https:\/\/cafe-alte-schule-friesenhofen.de\/wp-content\/uploads\/2020\/06\/P1050321.jpg\" alt=\"\" width=\"1024\" height=\"714\" srcset=\"https:\/\/cafe-alte-schule-friesenhofen.de\/wp-content\/uploads\/2020\/06\/P1050321.jpg 1024w, https:\/\/cafe-alte-schule-friesenhofen.de\/wp-content\/uploads\/2020\/06\/P1050321-300x209.jpg 300w, https:\/\/cafe-alte-schule-friesenhofen.de\/wp-content\/uploads\/2020\/06\/P1050321-768x536.jpg 768w\" sizes=\"auto, (max-width: 1024px) 100vw, 1024px\" \/><\/p>\n<p>&nbsp;<\/p>\n<hr \/>\n","protected":false},"excerpt":{"rendered":"<p>Willkommen im Dorftreff \u201eCaf\u00e9 Alte Schule\u201c im Rathaus Friesenhofen Die \u201eDorfgemeinschaft Friesenhofen e.V.\u201c freut sich, Euch im Caf\u00e9\/Dorftreff im Rathaus begr\u00fc\u00dfen zu d\u00fcrfen. Es erwarten Euch freitags in unserem neugestalteten gem\u00fctlichen Ambiente im Innen\u2013 und Au\u00dfenbereich regionale Getr\u00e4nke und kleine Speisen. Die \u201eDorfgemeinschaft Friesenhofen e.V.\u201c freut sich auf Euren Besuch. &nbsp; &nbsp;<\/p>\n","protected":false},"author":1,"featured_media":0,"parent":0,"menu_order":0,"comment_status":"closed","ping_status":"closed","template":"","meta":{"_mc_calendar":[],"footnotes":""},"class_list":["post-1297","page","type-page","status-publish","hentry"],"_links":{"self":[{"href":"https:\/\/cafe-alte-schule-friesenhofen.de\/index.php?rest_route=\/wp\/v2\/pages\/1297","targetHints":{"allow":["GET"]}}],"collection":[{"href":"https:\/\/cafe-alte-schule-friesenhofen.de\/index.php?rest_route=\/wp\/v2\/pages"}],"about":[{"href":"https:\/\/cafe-alte-schule-friesenhofen.de\/index.php?rest_route=\/wp\/v2\/types\/page"}],"author":[{"embeddable":true,"href":"https:\/\/cafe-alte-schule-friesenhofen.de\/index.php?rest_route=\/wp\/v2\/users\/1"}],"replies":[{"embeddable":true,"href":"https:\/\/cafe-alte-schule-friesenhofen.de\/index.php?rest_route=%2Fwp%2Fv2%2Fcomments&post=1297"}],"version-history":[{"count":7,"href":"https:\/\/cafe-alte-schule-friesenhofen.de\/index.php?rest_route=\/wp\/v2\/pages\/1297\/revisions"}],"predecessor-version":[{"id":1362,"href":"https:\/\/cafe-alte-schule-friesenhofen.de\/index.php?rest_route=\/wp\/v2\/pages\/1297\/revisions\/1362"}],"wp:attachment":[{"href":"https:\/\/cafe-alte-schule-friesenhofen.de\/index.php?rest_route=%2Fwp%2Fv2%2Fmedia&parent=1297"}],"curies":[{"name":"wp","href":"https:\/\/api.w.org\/{rel}","templated":true}]}}