{"id":16,"date":"2018-10-18T18:31:22","date_gmt":"2018-10-18T18:31:22","guid":{"rendered":"http:\/\/cafe-alte-schule-friesenhofen.de\/?page_id=16"},"modified":"2026-05-02T19:17:10","modified_gmt":"2026-05-02T18:17:10","slug":"aktuelles","status":"publish","type":"page","link":"https:\/\/cafe-alte-schule-friesenhofen.de\/","title":{"rendered":"Aktuelles"},"content":{"rendered":"<img loading=\"lazy\" decoding=\"async\" class=\"aligncenter size-full wp-image-1520\" src=\"https:\/\/cafe-alte-schule-friesenhofen.de\/wp-content\/uploads\/2026\/04\/Kuechenhilfe-www.png\" alt=\"\" width=\"558\" height=\"780\" srcset=\"https:\/\/cafe-alte-schule-friesenhofen.de\/wp-content\/uploads\/2026\/04\/Kuechenhilfe-www.png 558w, https:\/\/cafe-alte-schule-friesenhofen.de\/wp-content\/uploads\/2026\/04\/Kuechenhilfe-www-215x300.png 215w\" sizes=\"auto, (max-width: 558px) 100vw, 558px\" \/>\r\n\r\n<hr \/>\r\n<p style=\"text-align: left;\"><strong>N\u00e4chste Termine:<\/strong><\/p>\r\n<p style=\"text-align: left;\">Freitag, 19. Juni ab 19.00 Uhr D\u00e4mmerschoppen mit der Trachtenkapelle &#8211; nur bei gutem Wetter!<\/p>\r\n\r\n\r\n<hr \/>\r\n\r\n<strong>Sonntag, 23. November 2025 &#8211; Lesen? Lesen! Empfehlenswerte B\u00fccher 2025<\/strong>\r\n<p style=\"text-align: left;\">Rita Winter: B\u00fcchervorstellung, Empfehlungen, pers\u00f6nliche literarische Tipps<\/p>\r\n\r\n<div class=\"cCore_block block_freeText\">\r\n\r\nAus der riesigen F\u00fclle der diesj\u00e4hrigen Neuerscheinungen stellt die Journalistin Rita Winter aus Leutkirch eine pers\u00f6nliche Auswahl lesenswerter Romane f\u00fcr unterschiedliche Geschm\u00e4cker vor: ein gutes Dutzend druckfrischer B\u00fccher, die ber\u00fchren, aufw\u00fchlen, neue Einsichten bringen und nachklingen; spannende Geschichten \u00fcber Lebenskunst und Lebenskrisen, \u00fcber Identit\u00e4tssuche und \u00fcber die Liebe. Manche Titel stehen schon auf Bestseller-Listen, andere Autorinnen und Autoren gilt es zu entdecken. Leseabenteuer versprechen sie alle.\r\n\r\nBewirtung durch das ehrenamtliche Team des Caf\u00e9s, 14.00 bis 15.30 Uhr Kaffee und Kuchen, anschlie\u00dfend nur noch Getr\u00e4nke.\r\n\r\nRita Winter ist Redakteurin, begeisterte Viel-Leserin, Lesepatin der Stiftung Lesen und bietet seit 20 Jahren Lesungen f\u00fcr Kinder in der Stadtbibliothek Leutkirch an.\r\n<div class=\"cCore_bar \">\r\n<div class=\"cCore_barMain cCore_barMain_noHead\">Kosten: Eintritt frei, Spenden erbeten<\/div>\r\n<\/div>\r\n<div class=\"cCore_bar \">\r\n<div class=\"cCore_barRight\"><a title=\"nach oben\" href=\"https:\/\/www.vhs-leutkirch.de\/1096?view=publish&amp;item=eventDate&amp;id=8586#\" name=\"eventOrganizer\"><\/a><\/div>\r\n<div class=\"cCore_barMain cCore_barMain_noHead\">Veranstalter: <a href=\"http:\/\/www.vhs-leutkirch.de\" target=\"_blank\" rel=\"noopener\">Volkshochschule Leutkirch e.V.<\/a><\/div>\r\n<\/div>\r\n<\/div>\r\n\r\n<hr \/>\r\n\r\n<strong>D\u00e4mmerschoppen 2025<\/strong>\r\n\r\nTolles Wetter, super Stimmung &#8211; das war der D\u00e4mmerschoppen 2025. Vielen Dank an die zahlreichen Besucher und an alle ehrenamtlichen Helfer, die das m\u00f6glich gemacht haben!\r\n\r\n<img loading=\"lazy\" decoding=\"async\" class=\"aligncenter size-full wp-image-1474\" src=\"https:\/\/cafe-alte-schule-friesenhofen.de\/wp-content\/uploads\/2025\/06\/Daemmerschopppen-2025-scaled.jpg\" alt=\"\" width=\"2560\" height=\"2560\" srcset=\"https:\/\/cafe-alte-schule-friesenhofen.de\/wp-content\/uploads\/2025\/06\/Daemmerschopppen-2025-scaled.jpg 2560w, https:\/\/cafe-alte-schule-friesenhofen.de\/wp-content\/uploads\/2025\/06\/Daemmerschopppen-2025-300x300.jpg 300w, https:\/\/cafe-alte-schule-friesenhofen.de\/wp-content\/uploads\/2025\/06\/Daemmerschopppen-2025-1024x1024.jpg 1024w, https:\/\/cafe-alte-schule-friesenhofen.de\/wp-content\/uploads\/2025\/06\/Daemmerschopppen-2025-150x150.jpg 150w, https:\/\/cafe-alte-schule-friesenhofen.de\/wp-content\/uploads\/2025\/06\/Daemmerschopppen-2025-768x768.jpg 768w, https:\/\/cafe-alte-schule-friesenhofen.de\/wp-content\/uploads\/2025\/06\/Daemmerschopppen-2025-1536x1536.jpg 1536w, https:\/\/cafe-alte-schule-friesenhofen.de\/wp-content\/uploads\/2025\/06\/Daemmerschopppen-2025-2048x2048.jpg 2048w, https:\/\/cafe-alte-schule-friesenhofen.de\/wp-content\/uploads\/2025\/06\/Daemmerschopppen-2025-1140x1140.jpg 1140w, https:\/\/cafe-alte-schule-friesenhofen.de\/wp-content\/uploads\/2025\/06\/Daemmerschopppen-2025-75x75.jpg 75w\" sizes=\"auto, (max-width: 2560px) 100vw, 2560px\" \/>\r\n\r\n<hr \/>\r\n\r\n<strong>Osterbrunnen 2025<\/strong>\r\n\r\nAuch dieses Jahr hat das Team vom Dorftreff Alte Schule wieder einen Osterbrunnen gestaltet. Dieses Jahr erstrahlt der geschm\u00fcckte Dorfbrunnen noch mehr, nachdem er vor kurzen saniert wurde.\r\n\r\nHerzlichen Dank an die Freiwilligen, die das Dorf sch\u00f6ner machen.\r\n\r\n<img loading=\"lazy\" decoding=\"async\" class=\"aligncenter size-full wp-image-1456\" src=\"https:\/\/cafe-alte-schule-friesenhofen.de\/wp-content\/uploads\/2025\/04\/IMG_0085-scaled.jpg\" alt=\"\" width=\"2560\" height=\"1748\" srcset=\"https:\/\/cafe-alte-schule-friesenhofen.de\/wp-content\/uploads\/2025\/04\/IMG_0085-scaled.jpg 2560w, https:\/\/cafe-alte-schule-friesenhofen.de\/wp-content\/uploads\/2025\/04\/IMG_0085-300x205.jpg 300w, https:\/\/cafe-alte-schule-friesenhofen.de\/wp-content\/uploads\/2025\/04\/IMG_0085-1024x699.jpg 1024w, https:\/\/cafe-alte-schule-friesenhofen.de\/wp-content\/uploads\/2025\/04\/IMG_0085-768x524.jpg 768w, https:\/\/cafe-alte-schule-friesenhofen.de\/wp-content\/uploads\/2025\/04\/IMG_0085-1536x1049.jpg 1536w, https:\/\/cafe-alte-schule-friesenhofen.de\/wp-content\/uploads\/2025\/04\/IMG_0085-2048x1398.jpg 2048w, https:\/\/cafe-alte-schule-friesenhofen.de\/wp-content\/uploads\/2025\/04\/IMG_0085-1140x778.jpg 1140w\" sizes=\"auto, (max-width: 2560px) 100vw, 2560px\" \/>\r\n\r\n<img loading=\"lazy\" decoding=\"async\" class=\"size-full wp-image-1457 alignnone\" src=\"https:\/\/cafe-alte-schule-friesenhofen.de\/wp-content\/uploads\/2025\/04\/IMG_0087-scaled.jpeg\" alt=\"\" width=\"2202\" height=\"2560\" srcset=\"https:\/\/cafe-alte-schule-friesenhofen.de\/wp-content\/uploads\/2025\/04\/IMG_0087-scaled.jpeg 2202w, https:\/\/cafe-alte-schule-friesenhofen.de\/wp-content\/uploads\/2025\/04\/IMG_0087-258x300.jpeg 258w, https:\/\/cafe-alte-schule-friesenhofen.de\/wp-content\/uploads\/2025\/04\/IMG_0087-881x1024.jpeg 881w, https:\/\/cafe-alte-schule-friesenhofen.de\/wp-content\/uploads\/2025\/04\/IMG_0087-768x893.jpeg 768w, https:\/\/cafe-alte-schule-friesenhofen.de\/wp-content\/uploads\/2025\/04\/IMG_0087-1321x1536.jpeg 1321w, https:\/\/cafe-alte-schule-friesenhofen.de\/wp-content\/uploads\/2025\/04\/IMG_0087-1762x2048.jpeg 1762w, https:\/\/cafe-alte-schule-friesenhofen.de\/wp-content\/uploads\/2025\/04\/IMG_0087-1140x1325.jpeg 1140w\" sizes=\"auto, (max-width: 2202px) 100vw, 2202px\" \/>\r\n\r\n<img loading=\"lazy\" decoding=\"async\" class=\"aligncenter size-full wp-image-1458\" src=\"https:\/\/cafe-alte-schule-friesenhofen.de\/wp-content\/uploads\/2025\/04\/Panorama-OB25.png\" alt=\"\" width=\"6320\" height=\"3024\" srcset=\"https:\/\/cafe-alte-schule-friesenhofen.de\/wp-content\/uploads\/2025\/04\/Panorama-OB25.png 6320w, https:\/\/cafe-alte-schule-friesenhofen.de\/wp-content\/uploads\/2025\/04\/Panorama-OB25-300x144.png 300w, https:\/\/cafe-alte-schule-friesenhofen.de\/wp-content\/uploads\/2025\/04\/Panorama-OB25-1024x490.png 1024w, https:\/\/cafe-alte-schule-friesenhofen.de\/wp-content\/uploads\/2025\/04\/Panorama-OB25-768x367.png 768w, https:\/\/cafe-alte-schule-friesenhofen.de\/wp-content\/uploads\/2025\/04\/Panorama-OB25-1536x735.png 1536w, https:\/\/cafe-alte-schule-friesenhofen.de\/wp-content\/uploads\/2025\/04\/Panorama-OB25-2048x980.png 2048w, https:\/\/cafe-alte-schule-friesenhofen.de\/wp-content\/uploads\/2025\/04\/Panorama-OB25-1140x545.png 1140w\" sizes=\"auto, (max-width: 6320px) 100vw, 6320px\" \/>\r\n\r\n<hr \/>\r\n\r\n<strong>Hauptversammlung Dorfgemeinschaft Friesenhofen e.V.<\/strong>\r\n\r\nZur Hauptversammlung des Vereins Dorfgemeinschaft Friesenhofen begr\u00fc\u00dfte der Vorsitzende Bernhard Altenried am 29. M\u00e4rz zahlreiche Vereinsmitglieder. Das abgelaufene Jahr wurde Revue passieren lassen sowie der Kassenbericht vorgetragen. Der regelm\u00e4\u00dfige Betrieb des Caf\u00e9s Alte Schule Friesenhofen ist dabei nur ein Teil der Aufgaben, die von den Vereinsmitgliedern ehrenamtlich \u00fcbernommen werden. Weitere Aktionen werden regelm\u00e4\u00dfig angeboten, im vergangenen Jahr waren dies Vortr\u00e4ge &#8211; auch in Zusammenarbeit mit der VHS Leutkirch &#8211; und Lesungen. Dazu kommen regelm\u00e4\u00dfige Seniorennachmittage und Feste auf dem Rathausplatz wie z.B. D\u00e4mmerschoppen, Funkenfeuer oder auch die Gestaltung des Osterbrunnen. Bernhard Altenried dankte allen freiwilligen Helfer f\u00fcr das ehrenamtliche Engagement f\u00fcr die Gemeinschaft und die Ortschaft.\r\n\r\nEs standen dieses Jahr wieder Wahlen an und folgende \u00c4nderungen haben sich ergeben: Bernhard Altenried bleibt Vorsitzender, als neue stellvertretende Vorsitzende wurde Birgit M\u00fcller gw\u00e4hlt. Auch das Amt des Schriftf\u00fchrers wurde neu besetzt mit Cosima Durach. Kassierin bleibt Rosel Wieseneder. Neuer Beisitzer ist nun Josef M\u00fcller. Wir w\u00fcnschen dem neuen Team viel Erfolg die Erfolgsgeschichte des Dorfcafe&#8217;s Alte Schule weiter zu schreiben.\r\n\r\nBernhard Altenried bedankt sich ausdr\u00fccklich bei den ausgeschiedenen Vorstandsmitgliedern Jakob Wiedemann und Christian Merk und \u00fcberreichte ein kleines Dankesch\u00f6n f\u00fcr die geleistetet Arbeit.\r\n\r\n&nbsp;\r\n\r\n&nbsp;\r\n\r\n&nbsp;\r\n\r\n<!-- \/wp:post-content -->","protected":false},"excerpt":{"rendered":"<p>N\u00e4chste Termine: Freitag, 19. Juni ab 19.00 Uhr D\u00e4mmerschoppen mit der Trachtenkapelle &#8211; nur bei gutem Wetter! Sonntag, 23. November 2025 &#8211; Lesen? Lesen! Empfehlenswerte B\u00fccher 2025 Rita Winter: B\u00fcchervorstellung, Empfehlungen, pers\u00f6nliche literarische Tipps Aus der riesigen F\u00fclle der diesj\u00e4hrigen Neuerscheinungen stellt die Journalistin Rita Winter aus Leutkirch eine pers\u00f6nliche Auswahl lesenswerter Romane f\u00fcr unterschiedliche Geschm\u00e4cker vor: ein gutes Dutzend druckfrischer B\u00fccher, die ber\u00fchren, aufw\u00fchlen, neue Einsichten bringen und nachklingen; spannende Geschichten \u00fcber Lebenskunst und Lebenskrisen, \u00fcber Identit\u00e4tssuche und \u00fcber die Liebe. Manche Titel stehen schon auf Bestseller-Listen, andere Autorinnen und Autoren gilt es zu entdecken. Leseabenteuer versprechen sie alle. Bewirtung durch das ehrenamtliche Team des Caf\u00e9s, 14.00 bis 15.30 Uhr Kaffee und Kuchen, anschlie\u00dfend nur noch Getr\u00e4nke. Rita Winter ist Redakteurin, begeisterte Viel-Leserin, Lesepatin der Stiftung Lesen und bietet seit 20 Jahren Lesungen f\u00fcr Kinder in der Stadtbibliothek Leutkirch an. Kosten: Eintritt frei, Spenden erbeten Veranstalter: Volkshochschule Leutkirch e.V. D\u00e4mmerschoppen 2025 Tolles Wetter, super Stimmung &#8211; das war der D\u00e4mmerschoppen 2025. Vielen Dank an die zahlreichen Besucher und an alle ehrenamtlichen Helfer, die das m\u00f6glich gemacht haben! Osterbrunnen 2025 Auch dieses Jahr hat das Team vom Dorftreff Alte Schule wieder einen Osterbrunnen gestaltet. Dieses Jahr erstrahlt der geschm\u00fcckte Dorfbrunnen noch mehr, nachdem er vor kurzen saniert wurde. Herzlichen Dank an die Freiwilligen, die das Dorf sch\u00f6ner machen. Hauptversammlung Dorfgemeinschaft Friesenhofen e.V. Zur Hauptversammlung des Vereins Dorfgemeinschaft Friesenhofen begr\u00fc\u00dfte der Vorsitzende Bernhard Altenried am 29. M\u00e4rz zahlreiche Vereinsmitglieder. Das abgelaufene Jahr wurde Revue passieren lassen sowie der Kassenbericht vorgetragen. Der regelm\u00e4\u00dfige Betrieb des Caf\u00e9s Alte Schule Friesenhofen ist dabei nur ein Teil der Aufgaben, die von den Vereinsmitgliedern ehrenamtlich \u00fcbernommen werden. Weitere Aktionen werden regelm\u00e4\u00dfig angeboten, im vergangenen Jahr waren dies Vortr\u00e4ge &#8211; auch in Zusammenarbeit mit der VHS Leutkirch &#8211; und Lesungen. Dazu kommen regelm\u00e4\u00dfige Seniorennachmittage und Feste auf dem Rathausplatz wie z.B. D\u00e4mmerschoppen, Funkenfeuer oder auch die Gestaltung des Osterbrunnen. Bernhard Altenried dankte allen freiwilligen Helfer f\u00fcr das ehrenamtliche Engagement f\u00fcr die Gemeinschaft und die Ortschaft. Es standen dieses Jahr wieder Wahlen an und folgende \u00c4nderungen haben sich ergeben: Bernhard Altenried bleibt Vorsitzender, als neue stellvertretende Vorsitzende wurde Birgit M\u00fcller gw\u00e4hlt. Auch das Amt des Schriftf\u00fchrers wurde neu besetzt mit Cosima Durach. Kassierin bleibt Rosel Wieseneder. Neuer Beisitzer ist nun Josef M\u00fcller. Wir w\u00fcnschen dem neuen Team viel Erfolg die Erfolgsgeschichte des Dorfcafe&#8217;s Alte Schule weiter zu schreiben. Bernhard Altenried bedankt sich ausdr\u00fccklich bei den ausgeschiedenen Vorstandsmitgliedern Jakob Wiedemann und Christian Merk und \u00fcberreichte ein kleines Dankesch\u00f6n f\u00fcr die geleistetet Arbeit. &nbsp; &nbsp; &nbsp;<\/p>\n","protected":false},"author":1,"featured_media":0,"parent":0,"menu_order":0,"comment_status":"closed","ping_status":"closed","template":"","meta":{"_mc_calendar":[],"footnotes":""},"class_list":["post-16","page","type-page","status-publish","hentry"],"_links":{"self":[{"href":"https:\/\/cafe-alte-schule-friesenhofen.de\/index.php?rest_route=\/wp\/v2\/pages\/16","targetHints":{"allow":["GET"]}}],"collection":[{"href":"https:\/\/cafe-alte-schule-friesenhofen.de\/index.php?rest_route=\/wp\/v2\/pages"}],"about":[{"href":"https:\/\/cafe-alte-schule-friesenhofen.de\/index.php?rest_route=\/wp\/v2\/types\/page"}],"author":[{"embeddable":true,"href":"https:\/\/cafe-alte-schule-friesenhofen.de\/index.php?rest_route=\/wp\/v2\/users\/1"}],"replies":[{"embeddable":true,"href":"https:\/\/cafe-alte-schule-friesenhofen.de\/index.php?rest_route=%2Fwp%2Fv2%2Fcomments&post=16"}],"version-history":[{"count":297,"href":"https:\/\/cafe-alte-schule-friesenhofen.de\/index.php?rest_route=\/wp\/v2\/pages\/16\/revisions"}],"predecessor-version":[{"id":1530,"href":"https:\/\/cafe-alte-schule-friesenhofen.de\/index.php?rest_route=\/wp\/v2\/pages\/16\/revisions\/1530"}],"wp:attachment":[{"href":"https:\/\/cafe-alte-schule-friesenhofen.de\/index.php?rest_route=%2Fwp%2Fv2%2Fmedia&parent=16"}],"curies":[{"name":"wp","href":"https:\/\/api.w.org\/{rel}","templated":true}]}}