{"id":18,"date":"2018-10-18T18:31:30","date_gmt":"2018-10-18T18:31:30","guid":{"rendered":"http:\/\/cafe-alte-schule-friesenhofen.de\/?page_id=18"},"modified":"2026-04-04T08:25:05","modified_gmt":"2026-04-04T07:25:05","slug":"termine","status":"publish","type":"page","link":"https:\/\/cafe-alte-schule-friesenhofen.de\/?page_id=18","title":{"rendered":"Termine"},"content":{"rendered":"\r\n<p><strong>N\u00e4chste Termine<\/strong><\/p>\r\n<p>Freitag, 19. Juni D\u00e4mmerschoppen ab 19.00 Uhr mit der Trachtenkapelle<\/p>\r\n\r\n\r\n<hr \/>\r\n<p><em><strong>Vergangene Termine:<\/strong><\/em><\/p>\r\n<p>Freitag, 27 M\u00e4rz 2026 ab 18.00 Uhr Ostereierw\u00fcrfeln<\/p>\r\n<p><strong>2025<\/strong><\/p>\r\n<p>Dienstag, 30.12.2025 Jahresabschluss &#8211; Ge\u00f6ffnet ab 18.00 Uhr<\/p>\r\n<p>Sonntag, 23.11.2025 \/ Rita Winter: Lesen? Lesen! Empfehlenswerte B\u00fccher 2025 &#8211; eine Veranstalatung der VHS Leutkirch<\/p>\r\n<p>Donnerstag, 16.10.2025 Infoveranstaltung Agri-PV<\/p>\r\n<p>Freitag, 13. Juni D\u00e4mmerschoppen ab 19.00 Uhr mit der Trachtenkapelle<\/p>\r\n<p>Mittwoch, 30. April Maibaumstellen um 19.00 Uhr<\/p>\r\n<p>Freitag, 11. April Ostereierw\u00fcrfeln ab 18.00<\/p>\r\n<p>Samstag, 29. M\u00e4rz Jahreshauptversammlung Dorfgemeinschaft Friesenhofen e.V. (Interne Veranstaltung)<\/p>\r\n<p>Mittwoch, 12. M\u00e4rz VHS Vortrag: &#8222;Wer hat Angst vor dem b\u00f6sen Wolf&#8220; um 19.30 Uhr<\/p>\r\n<p>Sonntag, 09. M\u00e4rz Funkenfeuer am Rathausplatz ab 17.00<\/p>\r\n<p>Freitag, 07. Februar ab 18.00 Uhr Schul-Fasching<\/p>\r\n<p><strong>2024<\/strong><\/p>\r\n<p>Freitag, 06. Dezember &#8211; Christbaumloben<\/p>\r\n<p>Sonntag, 17. November um 15.30 Uhr VHS Vortrag: Lesen? Lesen! Empfehlenswerte B\u00fccher 2024 vorgestellt von Rita Winter<\/p>\r\n<p>Dienstag, 08. Oktober um 19.30 Uhr\u00a0 VHS Vortrag von Franz Spannenkrebs: Der Biber &#8211; Problemtier oder Chance f\u00fcr zerst\u00f6rte Gew\u00e4ssersysteme?\u00a0\u00a0<\/p>\r\n<p>Freitag, 27. September &#8211; Oktoberfest<\/p>\r\n<p>Freitag, 28. Juni D\u00e4mmerschoppen auf dem Rathausplatz mit der Trachtenkapelle\u00a0<\/p>\r\n<p>Mittwoch, 15. Mai\u00a0 Vorstellung Oberb\u00fcrgermeister Hans-J\u00f6rg Henle zur OB Wahl &#8211; Kommunalwahl<\/p>\r\n<p>Freitag, 24 Mai Kandidatenvorstellung B\u00fcrgerforum Leutkirch Gemeinderat &#8211; Kommunalwahl<\/p>\r\n<p>Freitag, 26. April Kandidatenvorstellung CDU Verband Ltk. Gemeinderat &#8211; Kommunalwahl<\/p>\r\n<p>Samstag, 27. April Hauptversammlung Verein Dorfgemeinschaft Friesenhofen e.V.<\/p>\r\n<p>Dienstag, 30.April Maibaumstellen mit der Freiwilligen Feuerwehr und der Trachtenkapelle<\/p>\r\n<p>Freitag, 22. M\u00e4rz Ostereierw\u00fcrfeln ab 18.00<\/p>\r\n<p>Sonntag, 18. Februar Funkenfeuer am Rathausplatz ab 17.00<\/p>\r\n<p>Freitag, 19. Januar ab 18.00 Uhr Schul-Fasching<\/p>\r\n<p><strong>2023<\/strong><\/p>\r\n<p>07. Oktober ab 18.00 Uhr Oktoberfest<\/p>\r\n<p>30. September 19.30 Uhr: Bildervortrag \u2013 Mit dem Pinzgauer im Hilfskonvoi nach Albanien.<\/p>\r\n<p>24. September ab 11.00 Uhr: Bewirtung anl\u00e4sslich des Friesenhofener Dorfflohmarktes<\/p>\r\n<p>14. Juli ab 19.00 Uhr D\u00e4mmerschoppen mit der Trachtenkapelle Friesenhofen<\/p>\r\n<p>19. Juni 15.00 Uhr: Vortrag Patientenverf\u00fcgung und Vorsorgevollmacht &#8222;Ein Augenblick kann alles ver\u00e4ndern&#8220;<\/p>\r\n<p>23. April: gef\u00fchrte Adelegg Wanderung mit dem Adelegg Ranger<\/p>\r\n<p>Sonntag, 26. M\u00e4rz: Osterbrunnen Kaffee<\/p>\r\n<p>23 + 24 M\u00e4rz: Schafkopf lernen an 2 Abenden<\/p>\r\n<p>Freitag, 10. Februar Hausball<\/p>\r\n<p><strong>2022<\/strong><\/p>\r\n<div aria-hidden=\"true\">Freitag 16. Dezember: Dorfchristbaumloben<\/div>\r\n<div aria-hidden=\"true\">\u00a0<\/div>\r\n<div aria-hidden=\"true\">Mittwoch 07. Dezember: Seniorentreff als Weihnachtsfeier<\/div>\r\n<div aria-hidden=\"true\">\u00a0<\/div>\r\n<div aria-hidden=\"true\">Samstag 03. Dezember um 19.30 Uhr: Skifahren von den D\u00e4chern der Welt, <strong>Ein Erfahrungs- und Bildbericht <\/strong>aus Kaschmir im Himalaya und von der Halbinsel Kamtschatka von Klaus Durach und Richard Brumbauer<\/div>\r\n<div aria-hidden=\"true\">\u00a0<\/div>\r\n<p>Freitag 08. Juli: D\u00e4mmerschopppen<\/p>\r\n<p>Sonntag 22. Mai: Bewirtung bei der Jubil\u00e4umsveranstaltungen 50 Jahre Eingemeindung Stadt Leutkirch vor dem Rathaus<\/p>\r\n<p>Samstag 30. April: Bewirtung beim Maibaumstellen um 19.00 Uhr vor dem Rathaus<\/p>\r\n<p>Ostern 2022: Gestaltung des Osterbrunnens vor dem Rathaus<\/p>\r\n<p><strong>2021<\/strong><\/p>\r\n<p>Freitag, 12. November, 14.30: R\u00e4uchern mit heimischen Kr\u00e4utern &#8211; Grundlagen \/ Vortrag mit Ute Mayer<\/p>\r\n<p>Donnerstag, 04. November, 19.30 Uhr: Die Adelegg &#8211; Vortrag zur (einzigartigen) Landschafts- und Kulturgeschichte der Adelegg.<\/p>\r\n<p>Donnerstag, 28. Oktober 2021: Hauptversammlung &#8222;Verein Dorfgemeinschaft Friesenhofen e.V.&#8220; um 19.30 Uhr im Caf\u00e9 Alte Schule \/ Rathaus Friesenhofen.<\/p>\r\n<p><strong>2020<\/strong><\/p>\r\n<p>Samstag, 23. Oktober, 19.00 Uhr: Romane Bestseller und Geheimtipps \/ Druckfrische Romane f\u00fcr Lesehungrige empfohlen von Viel-Leserin Rita Winter<\/p>\r\n<p>Mittwoch, 06. Oktober: Seniorennachmittag<\/p>\r\n<p>Freitag, 01. Oktober 14.30 &#8211; 16.00 Uhr: Vortrag Ute Mayer &#8222;Beerenstarke Wildbeeren&#8220; mit F\u00fchrung und kleiner Verkostung. Anschlie\u00dfend Kaffee und Kuchen im Caf\u00e9.<\/p>\r\n<p>Mittwoch, 16. September 2020: Hauptversammlung &#8222;Verein Dorfgemeinschaft Friesenhofen e.V.&#8220; um 19.30 Uhr im Caf\u00e9 Alte Schule \/ Rathaus Friesenhofen.<\/p>\r\n<p>Mittwoch, 16. September 2020: Veranstaltungsreihe &#8222;Auf ein Kaffee mit &#8230;&#8220;<\/p>\r\n<p>31. Juli 2020: Er\u00f6ffnung<\/p>\r\n<p>19. Juli 2020: Helfer-Fest ab 15.00 Uhr (interne Veranstaltung)<\/p>\r\n<p>10. Juli 2020: Planungsbesprechung f\u00fcr alle Mitarbeiter beim Betrieb des Caf\u00e9<\/p>\r\n<p>07. M\u00e4rz 2020: Informationen f\u00fcr alle Interessierten, die beim Betrieb mithelfen wollen. Um 17.00 Uhr werden wird bei einem gemeinsamen Termin die R\u00e4umlichkeiten und den geplanten betrieblichen Ablauf darstellen.<\/p>\r\n<p><strong>2019<\/strong><\/p>\r\n<p>30. November 2019: Weihnachtsmarkt Friesenhofen &#8211; Gl\u00fchweinstand mit kleinen Speisen<\/p>\r\n<p>31. Juli 2019: Vereinssitzung im Feuerwehrhaus um 19.00 Uhr<\/p>\r\n<p>06. Juli 2019: Baustellenfest vor dem Rathaus ab 17.00 Uhr<\/p>\r\n<p>25. April 2019: \u00d6ffentliche Infoveranstaltung &#8222;Dorftreff Cafe Alte Schule&#8220; im Feuerwehrhaus um 19.30 Uhr<\/p>\r\n<p>27. M\u00e4rz 2019: Arbeitskreissitzung im Rathaus um 19.00 Uhr<\/p>\r\n<p>27. Februar 2019: Arbeitskreissitzung im Rathaus um 19.00 Uhr<\/p>\r\n<p>21. Februar 2019: Vorstellung Projekt bei LEADER Projektauswahlsitzung in Amtzell<\/p>\r\n<p>04. Februar 2019: Pr\u00e4sentation des Projektes in der Gemeinderatsitzung in Leutkirch um 18.00 Uhr<\/p>\r\n<p>16. Januar 2019: Arbeitskreissitzung im Rathaus um 19.00 Uhr<\/p>\r\n<p><strong>2018<\/strong><\/p>\r\n<p>22. Dezember 2018: Bewirtung mit Gl\u00fchwein, kalten Getr\u00e4nken und Saiten im Anschluss an das Kirchenkonzert der Trachtenkapelle Friesenhofen zugunsten des Projektes<\/p>\r\n<p>02. Dezember 2018: Christbaumloben am Rathausplatz Friesenhofen um 17.00 Uhr<\/p>\r\n<p>07. November 2018: Arbeitskreissitzung im Rathaus um 19.00 Uhr<\/p>\r\n<p>08. Oktober 2018: Arbeitskreissitzung im Rathaus um 19.00 Uhr<\/p>\r\n<p>08. September 2018: Flohmarkt in Friesenhofen<\/p>\r\n<p>06. August 2018: Arbeitskreissitzung im Rathaus um 19.00 Uhr<\/p>\r\n<p>14. Juni 2018: B\u00fcrgerversammlung zum Thema Umnutzung Rathaus<\/p>\r\n\r\n\r\n","protected":false},"excerpt":{"rendered":"<p>N\u00e4chste Termine Freitag, 19. Juni D\u00e4mmerschoppen ab 19.00 Uhr mit der Trachtenkapelle Vergangene Termine: Freitag, 27 M\u00e4rz 2026 ab 18.00 Uhr Ostereierw\u00fcrfeln 2025 Dienstag, 30.12.2025 Jahresabschluss &#8211; Ge\u00f6ffnet ab 18.00 Uhr Sonntag, 23.11.2025 \/ Rita Winter: Lesen? Lesen! Empfehlenswerte B\u00fccher 2025 &#8211; eine Veranstalatung der VHS Leutkirch Donnerstag, 16.10.2025 Infoveranstaltung Agri-PV Freitag, 13. Juni D\u00e4mmerschoppen ab 19.00 Uhr mit der Trachtenkapelle Mittwoch, 30. April Maibaumstellen um 19.00 Uhr Freitag, 11. April Ostereierw\u00fcrfeln ab 18.00 Samstag, 29. M\u00e4rz Jahreshauptversammlung Dorfgemeinschaft Friesenhofen e.V. (Interne Veranstaltung) Mittwoch, 12. M\u00e4rz VHS Vortrag: &#8222;Wer hat Angst vor dem b\u00f6sen Wolf&#8220; um 19.30 Uhr Sonntag, 09. M\u00e4rz Funkenfeuer am Rathausplatz ab 17.00 Freitag, 07. Februar ab 18.00 Uhr Schul-Fasching 2024 Freitag, 06. Dezember &#8211; Christbaumloben Sonntag, 17. November um 15.30 Uhr VHS Vortrag: Lesen? Lesen! Empfehlenswerte B\u00fccher 2024 vorgestellt von Rita Winter Dienstag, 08. Oktober um 19.30 Uhr\u00a0 VHS Vortrag von Franz Spannenkrebs: Der Biber &#8211; Problemtier oder Chance f\u00fcr zerst\u00f6rte Gew\u00e4ssersysteme?\u00a0\u00a0 Freitag, 27. September &#8211; Oktoberfest Freitag, 28. Juni D\u00e4mmerschoppen auf dem Rathausplatz mit der Trachtenkapelle\u00a0 Mittwoch, 15. Mai\u00a0 Vorstellung Oberb\u00fcrgermeister Hans-J\u00f6rg Henle zur OB Wahl &#8211; Kommunalwahl Freitag, 24 Mai Kandidatenvorstellung B\u00fcrgerforum Leutkirch Gemeinderat &#8211; Kommunalwahl Freitag, 26. April Kandidatenvorstellung CDU Verband Ltk. Gemeinderat &#8211; Kommunalwahl Samstag, 27. April Hauptversammlung Verein Dorfgemeinschaft Friesenhofen e.V. Dienstag, 30.April Maibaumstellen mit der Freiwilligen Feuerwehr und der Trachtenkapelle Freitag, 22. M\u00e4rz Ostereierw\u00fcrfeln ab 18.00 Sonntag, 18. Februar Funkenfeuer am Rathausplatz ab 17.00 Freitag, 19. Januar ab 18.00 Uhr Schul-Fasching 2023 07. Oktober ab 18.00 Uhr Oktoberfest 30. September 19.30 Uhr: Bildervortrag \u2013 Mit dem Pinzgauer im Hilfskonvoi nach Albanien. 24. September ab 11.00 Uhr: Bewirtung anl\u00e4sslich des Friesenhofener Dorfflohmarktes 14. Juli ab 19.00 Uhr D\u00e4mmerschoppen mit der Trachtenkapelle Friesenhofen 19. Juni 15.00 Uhr: Vortrag Patientenverf\u00fcgung und Vorsorgevollmacht &#8222;Ein Augenblick kann alles ver\u00e4ndern&#8220; 23. April: gef\u00fchrte Adelegg Wanderung mit dem Adelegg Ranger Sonntag, 26. M\u00e4rz: Osterbrunnen Kaffee 23 + 24 M\u00e4rz: Schafkopf lernen an 2 Abenden Freitag, 10. Februar Hausball 2022 Freitag 16. Dezember: Dorfchristbaumloben \u00a0 Mittwoch 07. Dezember: Seniorentreff als Weihnachtsfeier \u00a0 Samstag 03. Dezember um 19.30 Uhr: Skifahren von den D\u00e4chern der Welt, Ein Erfahrungs- und Bildbericht aus Kaschmir im Himalaya und von der Halbinsel Kamtschatka von Klaus Durach und Richard Brumbauer \u00a0 Freitag 08. Juli: D\u00e4mmerschopppen Sonntag 22. Mai: Bewirtung bei der Jubil\u00e4umsveranstaltungen 50 Jahre Eingemeindung Stadt Leutkirch vor dem Rathaus Samstag 30. April: Bewirtung beim Maibaumstellen um 19.00 Uhr vor dem Rathaus Ostern 2022: Gestaltung des Osterbrunnens vor dem Rathaus 2021 Freitag, 12. November, 14.30: R\u00e4uchern mit heimischen Kr\u00e4utern &#8211; Grundlagen \/ Vortrag mit Ute Mayer Donnerstag, 04. November, 19.30 Uhr: Die Adelegg &#8211; Vortrag zur (einzigartigen) Landschafts- und Kulturgeschichte der Adelegg. Donnerstag, 28. Oktober 2021: Hauptversammlung &#8222;Verein Dorfgemeinschaft Friesenhofen e.V.&#8220; um 19.30 Uhr im Caf\u00e9 Alte Schule \/ Rathaus Friesenhofen. 2020 Samstag, 23. Oktober, 19.00 Uhr: Romane Bestseller und Geheimtipps \/ Druckfrische Romane f\u00fcr Lesehungrige empfohlen von Viel-Leserin Rita Winter Mittwoch, 06. Oktober: Seniorennachmittag Freitag, 01. Oktober 14.30 &#8211; 16.00 Uhr: Vortrag Ute Mayer &#8222;Beerenstarke Wildbeeren&#8220; mit F\u00fchrung und kleiner Verkostung. Anschlie\u00dfend Kaffee und Kuchen im Caf\u00e9. Mittwoch, 16. September 2020: Hauptversammlung &#8222;Verein Dorfgemeinschaft Friesenhofen e.V.&#8220; um 19.30 Uhr im Caf\u00e9 Alte Schule \/ Rathaus Friesenhofen. Mittwoch, 16. September 2020: Veranstaltungsreihe &#8222;Auf ein Kaffee mit &#8230;&#8220; 31. Juli 2020: Er\u00f6ffnung 19. Juli 2020: Helfer-Fest ab 15.00 Uhr (interne Veranstaltung) 10. Juli 2020: Planungsbesprechung f\u00fcr alle Mitarbeiter beim Betrieb des Caf\u00e9 07. M\u00e4rz 2020: Informationen f\u00fcr alle Interessierten, die beim Betrieb mithelfen wollen. Um 17.00 Uhr werden wird bei einem gemeinsamen Termin die R\u00e4umlichkeiten und den geplanten betrieblichen Ablauf darstellen. 2019 30. November 2019: Weihnachtsmarkt Friesenhofen &#8211; Gl\u00fchweinstand mit kleinen Speisen 31. Juli 2019: Vereinssitzung im Feuerwehrhaus um 19.00 Uhr 06. Juli 2019: Baustellenfest vor dem Rathaus ab 17.00 Uhr 25. April 2019: \u00d6ffentliche Infoveranstaltung &#8222;Dorftreff Cafe Alte Schule&#8220; im Feuerwehrhaus um 19.30 Uhr 27. M\u00e4rz 2019: Arbeitskreissitzung im Rathaus um 19.00 Uhr 27. Februar 2019: Arbeitskreissitzung im Rathaus um 19.00 Uhr 21. Februar 2019: Vorstellung Projekt bei LEADER Projektauswahlsitzung in Amtzell 04. Februar 2019: Pr\u00e4sentation des Projektes in der Gemeinderatsitzung in Leutkirch um 18.00 Uhr 16. Januar 2019: Arbeitskreissitzung im Rathaus um 19.00 Uhr 2018 22. Dezember 2018: Bewirtung mit Gl\u00fchwein, kalten Getr\u00e4nken und Saiten im Anschluss an das Kirchenkonzert der Trachtenkapelle Friesenhofen zugunsten des Projektes 02. Dezember 2018: Christbaumloben am Rathausplatz Friesenhofen um 17.00 Uhr 07. November 2018: Arbeitskreissitzung im Rathaus um 19.00 Uhr 08. Oktober 2018: Arbeitskreissitzung im Rathaus um 19.00 Uhr 08. September 2018: Flohmarkt in Friesenhofen 06. August 2018: Arbeitskreissitzung im Rathaus um 19.00 Uhr 14. Juni 2018: B\u00fcrgerversammlung zum Thema Umnutzung Rathaus<\/p>\n","protected":false},"author":1,"featured_media":0,"parent":0,"menu_order":0,"comment_status":"closed","ping_status":"closed","template":"","meta":{"_mc_calendar":[],"footnotes":""},"class_list":["post-18","page","type-page","status-publish","hentry"],"_links":{"self":[{"href":"https:\/\/cafe-alte-schule-friesenhofen.de\/index.php?rest_route=\/wp\/v2\/pages\/18","targetHints":{"allow":["GET"]}}],"collection":[{"href":"https:\/\/cafe-alte-schule-friesenhofen.de\/index.php?rest_route=\/wp\/v2\/pages"}],"about":[{"href":"https:\/\/cafe-alte-schule-friesenhofen.de\/index.php?rest_route=\/wp\/v2\/types\/page"}],"author":[{"embeddable":true,"href":"https:\/\/cafe-alte-schule-friesenhofen.de\/index.php?rest_route=\/wp\/v2\/users\/1"}],"replies":[{"embeddable":true,"href":"https:\/\/cafe-alte-schule-friesenhofen.de\/index.php?rest_route=%2Fwp%2Fv2%2Fcomments&post=18"}],"version-history":[{"count":154,"href":"https:\/\/cafe-alte-schule-friesenhofen.de\/index.php?rest_route=\/wp\/v2\/pages\/18\/revisions"}],"predecessor-version":[{"id":1517,"href":"https:\/\/cafe-alte-schule-friesenhofen.de\/index.php?rest_route=\/wp\/v2\/pages\/18\/revisions\/1517"}],"wp:attachment":[{"href":"https:\/\/cafe-alte-schule-friesenhofen.de\/index.php?rest_route=%2Fwp%2Fv2%2Fmedia&parent=18"}],"curies":[{"name":"wp","href":"https:\/\/api.w.org\/{rel}","templated":true}]}}