{"id":301,"date":"2019-04-11T19:57:58","date_gmt":"2019-04-11T18:57:58","guid":{"rendered":"https:\/\/cafe-alte-schule-friesenhofen.de\/?page_id=301"},"modified":"2025-04-10T21:16:46","modified_gmt":"2025-04-10T20:16:46","slug":"verein-dorfgemeinschaft-friesenhofen-e-v","status":"publish","type":"page","link":"https:\/\/cafe-alte-schule-friesenhofen.de\/?page_id=301","title":{"rendered":"Verein Dorfgemeinschaft Friesenhofen e.V."},"content":{"rendered":"<p style=\"text-align: center;\"><a class=\"maxbutton-2 maxbutton maxbutton-mitgliedsantrag\" target=\"_blank\" rel=\"noopener\" href=\"https:\/\/cafe-alte-schule-friesenhofen.de\/wp-content\/uploads\/2019\/04\/Beitrittserkl\u00e4rung-Aktiv-DG-Friesenhofen.pdf\"><span class='mb-text'>Mitgliedsantrag<\/span><\/a> \u00a0 \u00a0 \u00a0 \u00a0 \u00a0 \u00a0 \u00a0 \u00a0 \u00a0 \u00a0 <a class=\"maxbutton-3 maxbutton maxbutton-fordermitgliedschaft\" href=\"https:\/\/cafe-alte-schule-friesenhofen.de\/wp-content\/uploads\/2019\/04\/Beitrittserkl\u00e4rung-F\u00f6rder-DG-Friesenhofen.pdf\"><span class='mb-text'>F\u00f6rdermitgliedschaft<\/span><\/a><\/p>\n<p>&nbsp;<\/p>\n<h3><strong>Vereinsgr\u00fcndung<\/strong><\/h3>\n<p>am Mittwoch, 27. M\u00e4rz 2019 wurde im Rathaus in Friesenhofen ein Verein gegr\u00fcndet, um das Projekt weiterzutreiben. Der Name des Vereins lautet: <strong><em>Dorfgemeinschaft Friesenhofen e.V.<\/em><\/strong><\/p>\n<p>Nun geht es darum neue Mitglieder zu gewinnen, alle Interessierten sind herzlich eingeladen sich einzubringen, neue Mitglieder sind herzlich willkommen.<\/p>\n<p><strong>Kontakt Verein:<\/strong><\/p>\n<blockquote><p>Bernhard Altenried<\/p>\n<p>Telefon: 07567 \/ 1295<\/p>\n<p>E-mail: info@dorfgemeinschaft-friesenhofen.de<\/p><\/blockquote>\n<hr \/>\n<h5><strong>Vorstandschaft<\/strong><\/h5>\n<p>Bernhard Altenried &#8211; Vorsitzender<\/p>\n<p>Birgit M\u00fcller &#8211; stellvertretende Vorsitzende<\/p>\n<p>Rosel Wieseneder &#8211; Kassiererin<\/p>\n<p>Cosima Durach &#8211; Schriftf\u00fchrerin<\/p>\n<p>Josef M\u00fcller &#8211; Beisitzer<\/p>\n<hr \/>\n<p>Vereinsregister Baden-W\u00fcrttemberg Amtsgericht Ulm: VR721543<\/p>\n","protected":false},"excerpt":{"rendered":"<p>\u00a0 \u00a0 \u00a0 \u00a0 \u00a0 \u00a0 \u00a0 \u00a0 \u00a0 \u00a0 &nbsp; Vereinsgr\u00fcndung am Mittwoch, 27. M\u00e4rz 2019 wurde im Rathaus in Friesenhofen ein Verein gegr\u00fcndet, um das Projekt weiterzutreiben. Der Name des Vereins lautet: Dorfgemeinschaft Friesenhofen e.V. Nun geht es darum neue Mitglieder zu gewinnen, alle Interessierten sind herzlich eingeladen sich einzubringen, neue Mitglieder sind herzlich willkommen. Kontakt Verein: Bernhard Altenried Telefon: 07567 \/ 1295 E-mail: info@dorfgemeinschaft-friesenhofen.de Vorstandschaft Bernhard Altenried &#8211; Vorsitzender Birgit M\u00fcller &#8211; stellvertretende Vorsitzende Rosel Wieseneder &#8211; Kassiererin Cosima Durach &#8211; Schriftf\u00fchrerin Josef M\u00fcller &#8211; Beisitzer Vereinsregister Baden-W\u00fcrttemberg Amtsgericht Ulm: VR721543<\/p>\n","protected":false},"author":1,"featured_media":0,"parent":0,"menu_order":0,"comment_status":"closed","ping_status":"closed","template":"","meta":{"_mc_calendar":[],"footnotes":""},"class_list":["post-301","page","type-page","status-publish","hentry"],"_links":{"self":[{"href":"https:\/\/cafe-alte-schule-friesenhofen.de\/index.php?rest_route=\/wp\/v2\/pages\/301","targetHints":{"allow":["GET"]}}],"collection":[{"href":"https:\/\/cafe-alte-schule-friesenhofen.de\/index.php?rest_route=\/wp\/v2\/pages"}],"about":[{"href":"https:\/\/cafe-alte-schule-friesenhofen.de\/index.php?rest_route=\/wp\/v2\/types\/page"}],"author":[{"embeddable":true,"href":"https:\/\/cafe-alte-schule-friesenhofen.de\/index.php?rest_route=\/wp\/v2\/users\/1"}],"replies":[{"embeddable":true,"href":"https:\/\/cafe-alte-schule-friesenhofen.de\/index.php?rest_route=%2Fwp%2Fv2%2Fcomments&post=301"}],"version-history":[{"count":23,"href":"https:\/\/cafe-alte-schule-friesenhofen.de\/index.php?rest_route=\/wp\/v2\/pages\/301\/revisions"}],"predecessor-version":[{"id":1455,"href":"https:\/\/cafe-alte-schule-friesenhofen.de\/index.php?rest_route=\/wp\/v2\/pages\/301\/revisions\/1455"}],"wp:attachment":[{"href":"https:\/\/cafe-alte-schule-friesenhofen.de\/index.php?rest_route=%2Fwp%2Fv2%2Fmedia&parent=301"}],"curies":[{"name":"wp","href":"https:\/\/api.w.org\/{rel}","templated":true}]}}